{"id":377,"date":"2018-09-27T14:47:22","date_gmt":"2018-09-27T12:47:22","guid":{"rendered":"http:\/\/x9125ssro.preview.infomaniak.website\/installations\/"},"modified":"2023-06-15T10:32:37","modified_gmt":"2023-06-15T08:32:37","slug":"installations-2","status":"publish","type":"page","link":"https:\/\/fipe-china.cn\/zh-hans\/installations-2\/","title":{"rendered":"\u6211\u4eec\u7684\u4ea7\u54c1"},"content":{"rendered":"","protected":false},"excerpt":{"rendered":"","protected":false},"author":1,"featured_media":0,"parent":0,"menu_order":9,"comment_status":"closed","ping_status":"closed","template":"template-realisations.php","meta":{"_acf_changed":false,"footnotes":""},"class_list":["post-377","page","type-page","status-publish","hentry"],"acf":[],"yoast_head":"<!-- This site is optimized with the Yoast SEO plugin v25.5 - https:\/\/yoast.com\/wordpress\/plugins\/seo\/ -->\n<title>\u6211\u4eec\u7684\u4ea7\u54c1 - Fipe<\/title>\n<meta name=\"description\" content=\"FIPE est sp\u00e9cialis\u00e9e dans la fabrication de structures m\u00e9talliques et d\u2019ensembles chaudronn\u00e9s. Entit\u00e9 du groupe IWF bas\u00e9e en Chine\" \/>\n<meta name=\"robots\" content=\"index, follow, max-snippet:-1, max-image-preview:large, max-video-preview:-1\" \/>\n<link rel=\"canonical\" href=\"https:\/\/fipe-china.cn\/zh-hans\/installations-2\/\" \/>\n<meta property=\"og:locale\" content=\"zh_CN\" \/>\n<meta property=\"og:type\" content=\"article\" \/>\n<meta property=\"og:title\" content=\"\u6211\u4eec\u7684\u4ea7\u54c1 - Fipe\" \/>\n<meta property=\"og:description\" content=\"FIPE est sp\u00e9cialis\u00e9e dans la fabrication de structures m\u00e9talliques et d\u2019ensembles chaudronn\u00e9s. Entit\u00e9 du groupe IWF bas\u00e9e en Chine\" \/>\n<meta property=\"og:url\" content=\"https:\/\/fipe-china.cn\/zh-hans\/installations-2\/\" \/>\n<meta property=\"og:site_name\" content=\"Fipe\" \/>\n<meta property=\"article:modified_time\" content=\"2023-06-15T08:32:37+00:00\" \/>\n<meta name=\"twitter:card\" content=\"summary_large_image\" \/>\n<script type=\"application\/ld+json\" class=\"yoast-schema-graph\">{\"@context\":\"https:\/\/schema.org\",\"@graph\":[{\"@type\":\"WebPage\",\"@id\":\"https:\/\/fipe-china.cn\/zh-hans\/installations-2\/\",\"url\":\"https:\/\/fipe-china.cn\/zh-hans\/installations-2\/\",\"name\":\"\u6211\u4eec\u7684\u4ea7\u54c1 - Fipe\",\"isPartOf\":{\"@id\":\"https:\/\/fipe-china.cn\/zh-hans\/#website\"},\"datePublished\":\"2018-09-27T12:47:22+00:00\",\"dateModified\":\"2023-06-15T08:32:37+00:00\",\"description\":\"FIPE est sp\u00e9cialis\u00e9e dans la fabrication de structures m\u00e9talliques et d\u2019ensembles chaudronn\u00e9s. Entit\u00e9 du groupe IWF bas\u00e9e en Chine\",\"breadcrumb\":{\"@id\":\"https:\/\/fipe-china.cn\/zh-hans\/installations-2\/#breadcrumb\"},\"inLanguage\":\"zh-Hans\",\"potentialAction\":[{\"@type\":\"ReadAction\",\"target\":[\"https:\/\/fipe-china.cn\/zh-hans\/installations-2\/\"]}]},{\"@type\":\"BreadcrumbList\",\"@id\":\"https:\/\/fipe-china.cn\/zh-hans\/installations-2\/#breadcrumb\",\"itemListElement\":[{\"@type\":\"ListItem\",\"position\":1,\"name\":\"Accueil\",\"item\":\"https:\/\/fipe-china.cn\/zh-hans\/\"},{\"@type\":\"ListItem\",\"position\":2,\"name\":\"\u6211\u4eec\u7684\u4ea7\u54c1\"}]},{\"@type\":\"WebSite\",\"@id\":\"https:\/\/fipe-china.cn\/zh-hans\/#website\",\"url\":\"https:\/\/fipe-china.cn\/zh-hans\/\",\"name\":\"Fipe\",\"description\":\"STEEL PROCESS UNDER CONTROL\",\"publisher\":{\"@id\":\"https:\/\/fipe-china.cn\/zh-hans\/#organization\"},\"potentialAction\":[{\"@type\":\"SearchAction\",\"target\":{\"@type\":\"EntryPoint\",\"urlTemplate\":\"https:\/\/fipe-china.cn\/zh-hans\/?s={search_term_string}\"},\"query-input\":{\"@type\":\"PropertyValueSpecification\",\"valueRequired\":true,\"valueName\":\"search_term_string\"}}],\"inLanguage\":\"zh-Hans\"},{\"@type\":\"Organization\",\"@id\":\"https:\/\/fipe-china.cn\/zh-hans\/#organization\",\"name\":\"FIPE\",\"url\":\"https:\/\/fipe-china.cn\/zh-hans\/\",\"logo\":{\"@type\":\"ImageObject\",\"inLanguage\":\"zh-Hans\",\"@id\":\"https:\/\/fipe-china.cn\/zh-hans\/#\/schema\/logo\/image\/\",\"url\":\"https:\/\/fipe-china.cn\/wp-content\/uploads\/2019\/01\/fipe.png\",\"contentUrl\":\"https:\/\/fipe-china.cn\/wp-content\/uploads\/2019\/01\/fipe.png\",\"width\":1000,\"height\":509,\"caption\":\"FIPE\"},\"image\":{\"@id\":\"https:\/\/fipe-china.cn\/zh-hans\/#\/schema\/logo\/image\/\"}}]}<\/script>\n<!-- \/ Yoast SEO plugin. -->","yoast_head_json":{"title":"\u6211\u4eec\u7684\u4ea7\u54c1 - Fipe","description":"FIPE est sp\u00e9cialis\u00e9e dans la fabrication de structures m\u00e9talliques et d\u2019ensembles chaudronn\u00e9s. Entit\u00e9 du groupe IWF bas\u00e9e en Chine","robots":{"index":"index","follow":"follow","max-snippet":"max-snippet:-1","max-image-preview":"max-image-preview:large","max-video-preview":"max-video-preview:-1"},"canonical":"https:\/\/fipe-china.cn\/zh-hans\/installations-2\/","og_locale":"zh_CN","og_type":"article","og_title":"\u6211\u4eec\u7684\u4ea7\u54c1 - Fipe","og_description":"FIPE est sp\u00e9cialis\u00e9e dans la fabrication de structures m\u00e9talliques et d\u2019ensembles chaudronn\u00e9s. Entit\u00e9 du groupe IWF bas\u00e9e en Chine","og_url":"https:\/\/fipe-china.cn\/zh-hans\/installations-2\/","og_site_name":"Fipe","article_modified_time":"2023-06-15T08:32:37+00:00","twitter_card":"summary_large_image","schema":{"@context":"https:\/\/schema.org","@graph":[{"@type":"WebPage","@id":"https:\/\/fipe-china.cn\/zh-hans\/installations-2\/","url":"https:\/\/fipe-china.cn\/zh-hans\/installations-2\/","name":"\u6211\u4eec\u7684\u4ea7\u54c1 - Fipe","isPartOf":{"@id":"https:\/\/fipe-china.cn\/zh-hans\/#website"},"datePublished":"2018-09-27T12:47:22+00:00","dateModified":"2023-06-15T08:32:37+00:00","description":"FIPE est sp\u00e9cialis\u00e9e dans la fabrication de structures m\u00e9talliques et d\u2019ensembles chaudronn\u00e9s. Entit\u00e9 du groupe IWF bas\u00e9e en Chine","breadcrumb":{"@id":"https:\/\/fipe-china.cn\/zh-hans\/installations-2\/#breadcrumb"},"inLanguage":"zh-Hans","potentialAction":[{"@type":"ReadAction","target":["https:\/\/fipe-china.cn\/zh-hans\/installations-2\/"]}]},{"@type":"BreadcrumbList","@id":"https:\/\/fipe-china.cn\/zh-hans\/installations-2\/#breadcrumb","itemListElement":[{"@type":"ListItem","position":1,"name":"Accueil","item":"https:\/\/fipe-china.cn\/zh-hans\/"},{"@type":"ListItem","position":2,"name":"\u6211\u4eec\u7684\u4ea7\u54c1"}]},{"@type":"WebSite","@id":"https:\/\/fipe-china.cn\/zh-hans\/#website","url":"https:\/\/fipe-china.cn\/zh-hans\/","name":"Fipe","description":"STEEL PROCESS UNDER CONTROL","publisher":{"@id":"https:\/\/fipe-china.cn\/zh-hans\/#organization"},"potentialAction":[{"@type":"SearchAction","target":{"@type":"EntryPoint","urlTemplate":"https:\/\/fipe-china.cn\/zh-hans\/?s={search_term_string}"},"query-input":{"@type":"PropertyValueSpecification","valueRequired":true,"valueName":"search_term_string"}}],"inLanguage":"zh-Hans"},{"@type":"Organization","@id":"https:\/\/fipe-china.cn\/zh-hans\/#organization","name":"FIPE","url":"https:\/\/fipe-china.cn\/zh-hans\/","logo":{"@type":"ImageObject","inLanguage":"zh-Hans","@id":"https:\/\/fipe-china.cn\/zh-hans\/#\/schema\/logo\/image\/","url":"https:\/\/fipe-china.cn\/wp-content\/uploads\/2019\/01\/fipe.png","contentUrl":"https:\/\/fipe-china.cn\/wp-content\/uploads\/2019\/01\/fipe.png","width":1000,"height":509,"caption":"FIPE"},"image":{"@id":"https:\/\/fipe-china.cn\/zh-hans\/#\/schema\/logo\/image\/"}}]}},"_links":{"self":[{"href":"https:\/\/fipe-china.cn\/zh-hans\/wp-json\/wp\/v2\/pages\/377","targetHints":{"allow":["GET"]}}],"collection":[{"href":"https:\/\/fipe-china.cn\/zh-hans\/wp-json\/wp\/v2\/pages"}],"about":[{"href":"https:\/\/fipe-china.cn\/zh-hans\/wp-json\/wp\/v2\/types\/page"}],"author":[{"embeddable":true,"href":"https:\/\/fipe-china.cn\/zh-hans\/wp-json\/wp\/v2\/users\/1"}],"replies":[{"embeddable":true,"href":"https:\/\/fipe-china.cn\/zh-hans\/wp-json\/wp\/v2\/comments?post=377"}],"version-history":[{"count":3,"href":"https:\/\/fipe-china.cn\/zh-hans\/wp-json\/wp\/v2\/pages\/377\/revisions"}],"predecessor-version":[{"id":668,"href":"https:\/\/fipe-china.cn\/zh-hans\/wp-json\/wp\/v2\/pages\/377\/revisions\/668"}],"wp:attachment":[{"href":"https:\/\/fipe-china.cn\/zh-hans\/wp-json\/wp\/v2\/media?parent=377"}],"curies":[{"name":"wp","href":"https:\/\/api.w.org\/{rel}","templated":true}]}}